{"id":434,"date":"2022-03-03T13:51:14","date_gmt":"2022-03-03T13:51:14","guid":{"rendered":"http:\/\/linnlillsunde.com\/?page_id=434"},"modified":"2022-03-03T19:27:06","modified_gmt":"2022-03-03T18:27:06","slug":"violin","status":"publish","type":"page","link":"https:\/\/linnlillsunde.com\/fr\/violin","title":{"rendered":"Violon"},"content":{"rendered":"<p><\/p>\n\n\n\n<p><\/p>\n\n\n\n<p><\/p>\n\n\n\n<p><\/p>\n\n\n\n<div class=\"wp-block-kadence-rowlayout alignnone\"><div id=\"kt-layout-id_3e9762-ce\" class=\"kt-row-layout-inner kt-row-has-bg kt-layout-id_3e9762-ce\"><div class=\"kt-row-layout-overlay kt-row-overlay-gradient\"><\/div><div class=\"kt-row-column-wrap kt-has-1-columns kt-gutter-default kt-v-gutter-default kt-row-valign-middle kt-row-layout-equal kt-tab-layout-inherit kt-m-colapse-left-to-right kt-mobile-layout-row\">\n<div class=\"wp-block-kadence-column inner-column-1 kadence-column_863936-1e\"><div class=\"kt-inside-inner-col\">\n<p class=\"has-background-color has-text-color\" id=\"block-86b442e4-b963-4dc1-91b4-9c218fa6b9ec\"><br>Linn Lillsunde is a Swedish violinist based in Paris, France. She has performed with many different orchestras and ensembles, including l\u2019Orchestre de l\u2019Op\u00e9ra de Limoges, Orchestre Pasdeloup, and Open Chamber Orchestra, with which she has performed at numerous venues such as the Philharmonie de Paris and Salle Gaveau.&nbsp;<\/p>\n<p class=\"has-background-color has-text-color\" id=\"block-c6b7394f-5024-4794-86a1-86fb46d9224f\">A devoted chamber musician, Linn is currently in a duo with pianist C\u00e9cile Mathe. She has also been a founding member of the Lotus Quartet, in Sweden, as well as the Medusa Quartet and Vivace Piano Trio, both in London. As a chamber musician she has performed at venues such as The Berwald Hall and the Stockholm Concert Hall, Bloomsbury Music Festival, Mac Laren Hall, Regent Hall, Charlton House, Blackheath Halls and Leighton House.&nbsp;<\/p>\n<p class=\"has-background-color has-text-color\" id=\"block-d43f68c1-c36d-4621-a609-66c1717a88c0\">Since 2019 Linn is teaching chamber music to adult students with Accords Majeurs, Conservatoire de Chaville. Linn also has a large group of private violin students, aged 4 to 74, with whom she gives charity concerts twice a year at the Swedish Church in Paris. In 2015 she was invited to teach a public violin masterclass in Hong Kong.<\/p>\n<p class=\"has-background-color has-text-color\" id=\"block-a033b89b-e362-4240-b7d9-0569a95130af\"><strong>Diplomas and experiences<\/strong><\/p>\n<p class=\"has-background-color has-text-color\" id=\"block-6c4f1650-6464-4199-bf59-f465ece86033\">Having always been fascinated by how musicians can best use their bodies while playing and singing, Linn has completed the 3-year Timani teacher training and is offering private lessons and public workshops. For more info, please visit the Timani page on this site.&nbsp;<\/p>\n<p class=\"has-background-color has-text-color\" id=\"block-6ac71a2a-670a-48f3-b1d5-1613dd8c4bcf\">Linn obtained her BMus degree in violin playing at the Royal College of Music in Stockholm, Sweden, whereafter she moved to London to pursue her Master of Music with Mayumi Fujikawa at Trinity College of Music. During her time in London she took the opportunity to study jazz violin with Omar Puente, and baroque violin with Walter Reiter. She gained knowledge of Alexander Technique, and regularly held musical workshops for the elderly.&nbsp;<\/p>\n<p class=\"has-background-color has-text-color\" id=\"block-f5392b68-deff-4d5c-a6b2-98ef1877f9bb\">After having received her Master of Music degree and FTCL (Fellowship of Trinity College London) diploma, Linn started working as a Practice Supervisor at the Purcell School for Young Musicians, the oldest music specialist school in the UK. Two years later she was employed as a violin teacher and conductor with the Richmond Music Trust in south London, a post she kept alongside her private violin studio. At the same time she was a busy freelance violinist, playing with Young Musician\u2019s Symphony Orchestra, Arion Orchestra, London Arts Orchestra, St Paul\u2019s Sinfonia, Belsize Baroque Orchestra, among many others.&nbsp;<\/p>\n<p class=\"has-background-color has-text-color\" id=\"block-984ae4c6-642a-4688-bb5c-860339b38716\">En 2012, Linn est all\u00e9e au Br\u00e9sil pour faire du b\u00e9n\u00e9volat en tant que professeur de musique pour AmaZonArt, une organisation caritative cr\u00e9\u00e9e pour offrir des cours de musique gratuits aux enfants vuln\u00e9rables de la r\u00e9gion amazonienne. Pendant son s\u00e9jour, elle a \u00e9crit un blog que vous pouvez trouver <a href=\"http:\/\/amazonsueca.wordpress.com\" data-type=\"URL\" data-id=\"amazonsueca.wordpress.com\">ici.<\/a>&nbsp;<\/p>\n<p class=\"has-white-color has-text-color\" id=\"block-d1c1f291-14a5-4f45-93ba-85c6afcf165c\">In 2013 Linn moved to Paris to study with Alexandre Brussilovsky at La Schola Cantorum. She has worked as a violin teacher at \u00c9cole de Musique et d&#8217;Art Dramatique in Neuilly-Sur-Seine, and has lead a school string ensemble through the Conservatoire du 12\u00e8me arrondissement. Alongside her own teaching, Linn is being mentored by Richard Schmoucler, first violinist in Orchestre de Paris.<\/p>\n<p class=\"has-background-color has-text-color\" id=\"block-25117d9e-3faa-41ad-914a-4dc2750da1a1\">Linn is currently taking on new students in both violin and Timani. To book a lesson, please click the Contact page.&nbsp;<\/p>\n<\/div><\/div>\n<\/div><\/div><\/div>\n\n\n\n<p><\/p>","protected":false},"excerpt":{"rendered":"<p>Linn Lillsunde is a Swedish violinist based in Paris, France. She has performed with many different orchestras and ensembles, including l\u2019Orchestre de l\u2019Op\u00e9ra de Limoges, Orchestre Pasdeloup, and Open Chamber [&hellip;]<\/p>\n","protected":false},"author":1,"featured_media":293,"parent":0,"menu_order":0,"comment_status":"closed","ping_status":"closed","template":"page-home","meta":{"_EventAllDay":false,"_EventTimezone":"","_EventStartDate":"","_EventEndDate":"","_EventStartDateUTC":"","_EventEndDateUTC":"","_EventShowMap":false,"_EventShowMapLink":false,"_EventURL":"","_EventCost":"","_EventCostDescription":"","_EventCurrencySymbol":"","_EventCurrencyCode":"","_EventCurrencyPosition":"","_EventDateTimeSeparator":"","_EventTimeRangeSeparator":"","_EventOrganizerID":[],"_EventVenueID":[],"_OrganizerEmail":"","_OrganizerPhone":"","_OrganizerWebsite":"","_VenueAddress":"","_VenueCity":"","_VenueCountry":"","_VenueProvince":"","_VenueState":"","_VenueZip":"","_VenuePhone":"","_VenueURL":"","_VenueStateProvince":"","_VenueLat":"","_VenueLng":"","_VenueShowMap":false,"_VenueShowMapLink":false,"footnotes":""},"class_list":["post-434","page","type-page","status-publish","has-post-thumbnail","hentry"],"_links":{"self":[{"href":"https:\/\/linnlillsunde.com\/fr\/wp-json\/wp\/v2\/pages\/434","targetHints":{"allow":["GET"]}}],"collection":[{"href":"https:\/\/linnlillsunde.com\/fr\/wp-json\/wp\/v2\/pages"}],"about":[{"href":"https:\/\/linnlillsunde.com\/fr\/wp-json\/wp\/v2\/types\/page"}],"author":[{"embeddable":true,"href":"https:\/\/linnlillsunde.com\/fr\/wp-json\/wp\/v2\/users\/1"}],"replies":[{"embeddable":true,"href":"https:\/\/linnlillsunde.com\/fr\/wp-json\/wp\/v2\/comments?post=434"}],"version-history":[{"count":9,"href":"https:\/\/linnlillsunde.com\/fr\/wp-json\/wp\/v2\/pages\/434\/revisions"}],"predecessor-version":[{"id":490,"href":"https:\/\/linnlillsunde.com\/fr\/wp-json\/wp\/v2\/pages\/434\/revisions\/490"}],"wp:featuredmedia":[{"embeddable":true,"href":"https:\/\/linnlillsunde.com\/fr\/wp-json\/wp\/v2\/media\/293"}],"wp:attachment":[{"href":"https:\/\/linnlillsunde.com\/fr\/wp-json\/wp\/v2\/media?parent=434"}],"curies":[{"name":"wp","href":"https:\/\/api.w.org\/{rel}","templated":true}]}}