{"id":338,"date":"2022-03-03T14:45:05","date_gmt":"2022-03-03T14:45:05","guid":{"rendered":"http:\/\/linnlillsunde.com\/?page_id=338"},"modified":"2022-03-04T18:59:05","modified_gmt":"2022-03-04T17:59:05","slug":"mind-detox","status":"publish","type":"page","link":"https:\/\/linnlillsunde.com\/fr\/mind-detox","title":{"rendered":"Mind Detox"},"content":{"rendered":"<figure class=\"wp-block-image size-full\"><img loading=\"lazy\" decoding=\"async\" width=\"1024\" height=\"768\" src=\"https:\/\/linnlillsunde.com\/wp-content\/uploads\/2022\/01\/06E4867F-A032-47CC-8357-5157BB200090.jpeg\" alt=\"\" class=\"wp-image-340\" srcset=\"https:\/\/linnlillsunde.com\/wp-content\/uploads\/2022\/01\/06E4867F-A032-47CC-8357-5157BB200090.jpeg 1024w, https:\/\/linnlillsunde.com\/wp-content\/uploads\/2022\/01\/06E4867F-A032-47CC-8357-5157BB200090-300x225.jpeg 300w, https:\/\/linnlillsunde.com\/wp-content\/uploads\/2022\/01\/06E4867F-A032-47CC-8357-5157BB200090-768x576.jpeg 768w\" sizes=\"auto, (max-width: 1024px) 100vw, 1024px\" \/><\/figure>\n\n\n\n<p>Si quelque chose de n\u00e9gatif se produit dans votre esprit, vos \u00e9motions, votre corps ou votre vie, et que vous ne savez pas pourquoi, alors Mind Detox peut vous aider !<\/p>\n\n\n\n<p>Mind Detox est une m\u00e9thode puissante qui permet d'aller \u00e0 la source de tout probl\u00e8me.<\/p>\n\n\n\n<p>Faites le vide dans votre esprit et exploitez le pouvoir de la connexion corps-esprit pour gu\u00e9rir les causes sous-jacentes des probl\u00e8mes psychologiques, physiques, \u00e9motionnels et de vie.&nbsp;<\/p>\n\n\n\n<p>The 5-Step Mind Detox Method consists of a combination of questions and mental exercises for healing the underlying root cause(s) of physical, emotional and life issues. You will start by getting clear on what you want to detox. Consider this: What would you like to heal, let go of, or stop happening? What would you like to change or improve?<\/p>\n\n\n\n<p>Using the 5-Step Method you will uncover the unconscious root cause age and event, which is often a memory that you haven\u2019t thought about in years. The rest of the method then resolves the past event. This simple method has been found to quickly and comfortably clear the mind of toxic beliefs and attitudes, which in turn can enhance physical and emotional health, while increasing our ability to access more peace, purpose and potential in daily life.<\/p>\n\n\n\n<p>Linn is a certified Mind Detox practitioner and offers session on Zoom or in person.&nbsp;<\/p>\n\n\n\n<p>A session is 50\u20ac and can be booked by using the form below.&nbsp;<\/p>\n\n\n\n<p>The Mind Detox Method Has Helped\u2026<\/p>\n\n\n\n<p>Acid reflux, acne, addictions, allergies, anger, anxiety, asthma, arthritis, back problems, chronic pain, constipation, depression, diabetes, discontentment, eating disorders, eczema, fatigue, fear, food intolerances, frustration, grief, guilt, headaches, hearing loss, hypertension, hypotension, hyperhidrosis (excessive sweating), insomnia, irritable bowel syndrome (I.B.S), loneliness, low confidence, M.E., migraines, money problems, panic attacks, psoriasis, phobias, relationship conflict, thyroid problems, weight problems and more\u2026<\/p>\n\n\n\n<p>\u2605 Mind Detox Benefits \u2605&nbsp;<\/p>\n\n\n\n<p><strong>HEAL<\/strong> the hidden causes of chronic conditions, emotional issues and persistent life problems.<\/p>\n\n\n\n<p>Improve your <strong>RELATIONSHIPS<\/strong> with family, friends, colleagues and most importantly &#8211; yourself.&nbsp;<\/p>\n\n\n\n<p>Master your <strong>EMOTIONS<\/strong> and calm negative emotions including: anxiety, anger, fear, guilt, grief etc.<\/p>\n\n\n\n<p>Get peace with anything in your <strong>PAST<\/strong> &#8211; yes <em>absolutely<\/em> <em>anything <\/em>that\u2019s ever happened!&nbsp;<\/p>\n\n\n\n<p>Enjoy more <strong>ABUNDANCE<\/strong> by clearing inner blocks and using your mind as a manifestation tool.<\/p>\n\n\n\n<p>Be more peaceful, purposeful and passionate &#8211; free from the toxic beliefs that limit<strong> SUCCESS<\/strong>.<\/p>\n\n\n\n<p>Finally <strong>FORGIVE<\/strong> and move on with newfound acceptance, understanding, wisdom and clarity.<\/p>\n\n\n\n<p>Explore your <strong>SPIRITUAL-SIDE <\/strong>and discover that stillness and peace are your natural state of being.<\/p>\n\n\n\n<p>Learn empowering tools that give you the <strong>CONFIDENCE<\/strong> of knowing you can face anything in your future.<\/p>","protected":false},"excerpt":{"rendered":"<p>If anything negative is happening in your mind, emotions, body or life, and you don\u2019t know why, then Mind Detox can help! Mind Detox is a powerful method for getting [&hellip;]<\/p>\n","protected":false},"author":1,"featured_media":0,"parent":0,"menu_order":0,"comment_status":"closed","ping_status":"closed","template":"page-services","meta":{"_EventAllDay":false,"_EventTimezone":"","_EventStartDate":"","_EventEndDate":"","_EventStartDateUTC":"","_EventEndDateUTC":"","_EventShowMap":false,"_EventShowMapLink":false,"_EventURL":"","_EventCost":"","_EventCostDescription":"","_EventCurrencySymbol":"","_EventCurrencyCode":"","_EventCurrencyPosition":"","_EventDateTimeSeparator":"","_EventTimeRangeSeparator":"","_EventOrganizerID":[],"_EventVenueID":[],"_OrganizerEmail":"","_OrganizerPhone":"","_OrganizerWebsite":"","_VenueAddress":"","_VenueCity":"","_VenueCountry":"","_VenueProvince":"","_VenueState":"","_VenueZip":"","_VenuePhone":"","_VenueURL":"","_VenueStateProvince":"","_VenueLat":"","_VenueLng":"","_VenueShowMap":false,"_VenueShowMapLink":false,"footnotes":""},"class_list":["post-338","page","type-page","status-publish","hentry"],"_links":{"self":[{"href":"https:\/\/linnlillsunde.com\/fr\/wp-json\/wp\/v2\/pages\/338","targetHints":{"allow":["GET"]}}],"collection":[{"href":"https:\/\/linnlillsunde.com\/fr\/wp-json\/wp\/v2\/pages"}],"about":[{"href":"https:\/\/linnlillsunde.com\/fr\/wp-json\/wp\/v2\/types\/page"}],"author":[{"embeddable":true,"href":"https:\/\/linnlillsunde.com\/fr\/wp-json\/wp\/v2\/users\/1"}],"replies":[{"embeddable":true,"href":"https:\/\/linnlillsunde.com\/fr\/wp-json\/wp\/v2\/comments?post=338"}],"version-history":[{"count":1,"href":"https:\/\/linnlillsunde.com\/fr\/wp-json\/wp\/v2\/pages\/338\/revisions"}],"predecessor-version":[{"id":341,"href":"https:\/\/linnlillsunde.com\/fr\/wp-json\/wp\/v2\/pages\/338\/revisions\/341"}],"wp:attachment":[{"href":"https:\/\/linnlillsunde.com\/fr\/wp-json\/wp\/v2\/media?parent=338"}],"curies":[{"name":"wp","href":"https:\/\/api.w.org\/{rel}","templated":true}]}}