{"id":333,"date":"2022-03-03T09:45:18","date_gmt":"2022-03-03T09:45:18","guid":{"rendered":"http:\/\/linnlillsunde.com\/?page_id=333"},"modified":"2022-03-04T15:57:35","modified_gmt":"2022-03-04T14:57:35","slug":"timani","status":"publish","type":"page","link":"https:\/\/linnlillsunde.com\/fr\/timani","title":{"rendered":"TIMANI"},"content":{"rendered":"<figure class=\"wp-block-image size-large\"><img loading=\"lazy\" decoding=\"async\" width=\"1024\" height=\"683\" src=\"https:\/\/linnlillsunde.com\/wp-content\/uploads\/2022\/01\/Timani-445-1024x683.jpeg\" alt=\"\" class=\"wp-image-335\" srcset=\"https:\/\/linnlillsunde.com\/wp-content\/uploads\/2022\/01\/Timani-445-1024x683.jpeg 1024w, https:\/\/linnlillsunde.com\/wp-content\/uploads\/2022\/01\/Timani-445-300x200.jpeg 300w, https:\/\/linnlillsunde.com\/wp-content\/uploads\/2022\/01\/Timani-445-768x512.jpeg 768w, https:\/\/linnlillsunde.com\/wp-content\/uploads\/2022\/01\/Timani-445-1536x1024.jpeg 1536w, https:\/\/linnlillsunde.com\/wp-content\/uploads\/2022\/01\/Timani-445-2048x1365.jpeg 2048w, https:\/\/linnlillsunde.com\/wp-content\/uploads\/2022\/01\/Timani-445-963x642.jpeg 963w\" sizes=\"auto, (max-width: 1024px) 100vw, 1024px\" \/><\/figure>\n\n\n\n<p>Have you ever experienced pain while playing your instrument? Have you ever wondered how to breathe optimally when singing or playing? Do you want to find the most natural technique possible and let your musicality flow while playing or singing? If so, Timani might be just the thing for you! Timani is a complement to ordinary instrumental and singing lessons. It is focusing on how you use your body while making music, and is designed to unlock unnecessary tensions, find stability and develop a natural and effortless technique allowing you to express your own unique musical ideas.&nbsp;<\/p>\n\n\n\n<p>I have completed the 3-year Timani Teacher Certification Training and is offering sessions to musicians and singers in person and on Zoom.&nbsp;<\/p>\n\n\n\n<p>Une session se pr\u00e9sente g\u00e9n\u00e9ralement comme suit :<\/p>\n\n\n\n<ul class=\"wp-block-list\"><li>Vous pr\u00e9sentez ce pour quoi vous souhaitez de l'aide. Cela peut aller de la douleur ou de l'inconfort \u00e0 une respiration optimale, en passant par la volont\u00e9 d'am\u00e9liorer un aspect technique ou musical particulier de votre jeu.&nbsp;<\/li><li>Je vous demanderai de jouer ou de chanter quelque chose pendant environ une minute. Avec votre permission, je l'enregistrerai sur vid\u00e9o pour que nous puissions le regarder ensemble sans le son, afin de pouvoir nous concentrer sur votre sch\u00e9ma de mouvement.&nbsp;<\/li><li>Je vais partager mes observations avec vous, et faire une br\u00e8ve explication anatomique de ce que j'ai vu.&nbsp;<\/li><li>Nous ferons un ou deux exercices ensemble qui cibleront les zones qui pourraient b\u00e9n\u00e9ficier le plus de votre jeu. &nbsp;<\/li><li>Pour finir, il vous sera demand\u00e9 de jouer une nouvelle fois le m\u00eame extrait, cette fois-ci \u00e9galement en \u00e9tant film\u00e9.&nbsp;<\/li><li>\u00c0 la fin de la s\u00e9ance, je noterai l'exercice que vous pourrez emporter chez vous.&nbsp;<\/li><\/ul>\n\n\n\n<p>To book a session, please use the form below. The fee is 50\u20ac per session. You can also book a bundle of four sessions for 175\u20ac.&nbsp;<\/p>\n\n\n\n<p>Timani is designed to help musicians understand and overcome challenges related to pain, injury, technical issues, sound production or even just to enhance one&#8217;s playing to access higher potential as a musician. By focusing on the physiological aspects of playing, it enables musicians to make the best use of their body while practicing and performing. It is used by musicians worldwide \u2013 from soloists to entire ensembles, and from students to established professionals \u2013 whether they have already experienced performance-related pain or injury, or want to prevent them from arising in the first place. Timani is also becoming increasingly popular in schools and colleges, taught by an ever-increasing network of teachers in fifteen countries who are inspired to pass on its benefits to musicians everywhere.<\/p>","protected":false},"excerpt":{"rendered":"<p>Have you ever experienced pain while playing your instrument? Have you ever wondered how to breathe optimally when singing or playing? Do you want to find the most natural technique [&hellip;]<\/p>\n","protected":false},"author":1,"featured_media":335,"parent":0,"menu_order":0,"comment_status":"closed","ping_status":"closed","template":"page-tours","meta":{"_EventAllDay":false,"_EventTimezone":"","_EventStartDate":"","_EventEndDate":"","_EventStartDateUTC":"","_EventEndDateUTC":"","_EventShowMap":false,"_EventShowMapLink":false,"_EventURL":"","_EventCost":"","_EventCostDescription":"","_EventCurrencySymbol":"","_EventCurrencyCode":"","_EventCurrencyPosition":"","_EventDateTimeSeparator":"","_EventTimeRangeSeparator":"","_EventOrganizerID":[],"_EventVenueID":[],"_OrganizerEmail":"","_OrganizerPhone":"","_OrganizerWebsite":"","_VenueAddress":"","_VenueCity":"","_VenueCountry":"","_VenueProvince":"","_VenueState":"","_VenueZip":"","_VenuePhone":"","_VenueURL":"","_VenueStateProvince":"","_VenueLat":"","_VenueLng":"","_VenueShowMap":false,"_VenueShowMapLink":false,"footnotes":""},"class_list":["post-333","page","type-page","status-publish","has-post-thumbnail","hentry"],"_links":{"self":[{"href":"https:\/\/linnlillsunde.com\/fr\/wp-json\/wp\/v2\/pages\/333","targetHints":{"allow":["GET"]}}],"collection":[{"href":"https:\/\/linnlillsunde.com\/fr\/wp-json\/wp\/v2\/pages"}],"about":[{"href":"https:\/\/linnlillsunde.com\/fr\/wp-json\/wp\/v2\/types\/page"}],"author":[{"embeddable":true,"href":"https:\/\/linnlillsunde.com\/fr\/wp-json\/wp\/v2\/users\/1"}],"replies":[{"embeddable":true,"href":"https:\/\/linnlillsunde.com\/fr\/wp-json\/wp\/v2\/comments?post=333"}],"version-history":[{"count":1,"href":"https:\/\/linnlillsunde.com\/fr\/wp-json\/wp\/v2\/pages\/333\/revisions"}],"predecessor-version":[{"id":337,"href":"https:\/\/linnlillsunde.com\/fr\/wp-json\/wp\/v2\/pages\/333\/revisions\/337"}],"wp:featuredmedia":[{"embeddable":true,"href":"https:\/\/linnlillsunde.com\/fr\/wp-json\/wp\/v2\/media\/335"}],"wp:attachment":[{"href":"https:\/\/linnlillsunde.com\/fr\/wp-json\/wp\/v2\/media?parent=333"}],"curies":[{"name":"wp","href":"https:\/\/api.w.org\/{rel}","templated":true}]}}